{"id":1683,"date":"2026-05-03T22:25:58","date_gmt":"2026-05-03T22:25:58","guid":{"rendered":"https:\/\/www.85saisons.com\/?page_id=1683"},"modified":"2026-05-03T23:16:35","modified_gmt":"2026-05-03T23:16:35","slug":"mentions-legales","status":"publish","type":"page","link":"https:\/\/www.85saisons.com\/index.php\/mentions-legales\/","title":{"rendered":"Mentions l\u00e9gales"},"content":{"rendered":"\t\t<div data-elementor-type=\"wp-page\" data-elementor-id=\"1683\" class=\"elementor elementor-1683\">\n\t\t\t\t<div class=\"elementor-element elementor-element-82c9567 e-flex e-con-boxed e-con e-parent\" data-id=\"82c9567\" data-element_type=\"container\" data-e-type=\"container\">\n\t\t\t\t\t<div class=\"e-con-inner\">\n\t\t\t\t<div class=\"elementor-element elementor-element-6979368b elementor-widget elementor-widget-heading\" data-id=\"6979368b\" data-element_type=\"widget\" data-e-type=\"widget\" data-widget_type=\"heading.default\">\n\t\t\t\t\t<h2 class=\"elementor-heading-title elementor-size-default\">Mentions l\u00e9gales<\/h2>\t\t\t\t<\/div>\n\t\t\t\t\t<\/div>\n\t\t\t\t<\/div>\n\t\t<div class=\"elementor-element elementor-element-618a0336 e-con-full e-flex e-con e-parent\" data-id=\"618a0336\" data-element_type=\"container\" data-e-type=\"container\">\n\t\t<div class=\"elementor-element elementor-element-5562c649 e-con-full e-flex e-con e-child\" data-id=\"5562c649\" data-element_type=\"container\" data-e-type=\"container\">\n\t\t\t\t<div class=\"elementor-element elementor-element-1b38048 elementor-widget__width-initial elementor-widget elementor-widget-text-editor\" data-id=\"1b38048\" data-element_type=\"widget\" data-e-type=\"widget\" data-widget_type=\"text-editor.default\">\n\t\t\t\t\t\t\t\t\t<h2>Propri\u00e9t\u00e9<\/h2><p>Le site diffus\u00e9 sur l\u2019adresse Internet www.85saisons.com\u00a0est la propri\u00e9t\u00e9 de :<\/p><p><strong>85saisons Betty Michel<\/strong><\/p><p>Micro-entreprise<\/p><p>SIRET : 953 464 534 000 15<\/p><p>Code NAF : 7021Z<\/p><h2>Directrice de publication<\/h2><p>Ce site est publi\u00e9 sous la direction de <i>Betty MICHEL<\/i>\u00a0(Utiliser le <a href=\"https:\/\/www.85saisons.com\/index.php\/contact\/\">formulaire de contact<\/a>)<\/p><h2>H\u00e9bergement<\/h2><p>Ce site est h\u00e9berg\u00e9 par la soci\u00e9t\u00e9 OVH.<\/p><h2>Propri\u00e9t\u00e9 Intellectuelle<\/h2><p>Le site www.85saisons.com (ci-apr\u00e8s le \u00ab Site \u00bb) appartient et est exploit\u00e9 par 85SAISONS.<\/p><p>L\u2019ensemble des \u00e9l\u00e9ments \u00e9dit\u00e9s sur ce Site, incluant notamment les textes, photographies, infographies, logos, marques, nom de domaine\u2026 sont prot\u00e9g\u00e9s par les dispositions du code de la Propri\u00e9t\u00e9 Intellectuelle. En cons\u00e9quence, aucun \u00e9l\u00e9ment composant ce Site ne peut \u00eatre copi\u00e9, reproduit, modifi\u00e9, r\u00e9\u00e9dit\u00e9 charg\u00e9, d\u00e9natur\u00e9, transmis ou distribu\u00e9 de quelque mani\u00e8re que ce soit, de fa\u00e7on partielle ou int\u00e9grale, sans l\u2019autorisation \u00e9crite et pr\u00e9alable de 85saisons.<\/p><p>Seule la copie \u00e0 usage priv\u00e9 est autoris\u00e9e pour votre usage personnel, priv\u00e9 et non-commercial, sur votre ordinateur.<\/p><p data-path-to-node=\"5\">\u00a0<\/p>\t\t\t\t\t\t\t\t<\/div>\n\t\t\t\t<\/div>\n\t\t<div class=\"elementor-element elementor-element-5e2a6c16 e-con-full e-flex e-con e-child\" data-id=\"5e2a6c16\" data-element_type=\"container\" data-e-type=\"container\">\n\t\t\t\t<div class=\"elementor-element elementor-element-f790a77 elementor-widget__width-initial elementor-widget elementor-widget-text-editor\" data-id=\"f790a77\" data-element_type=\"widget\" data-e-type=\"widget\" data-widget_type=\"text-editor.default\">\n\t\t\t\t\t\t\t\t\t<h2>Disponibilit\u00e9 du Site web<\/h2><p>85saisons s\u2019engage \u00e0 faire ses meilleurs efforts pour assurer aux utilisateurs une accessibilit\u00e9 du Site \u00e0 tout moment.<\/p><p>85saisons pourra \u00e0 tout moment, modifier ou interrompre, temporairement ou de fa\u00e7on permanente, tout ou partie du Site pour effectuer des op\u00e9rations de maintenance et\/ou effectuer des am\u00e9liorations et\/ou des modifications sur le Site.<\/p><p>Donn\u00e9es personnelles<\/p><h2>Vie priv\u00e9e<\/h2><p>Dans le cadre de notre Site, nous pouvons \u00eatre amen\u00e9s \u00e0 vous demander de nous fournir des donn\u00e9es personnelles notamment lors de l\u2019envoi de la newsletter ou pour obtenir des informations nous concernant. En fonction des services auxquels vous souscrivez, il vous sera demand\u00e9 de fournir des informations, certaines obligatoires et d\u2019autres facultatives.<\/p><p>85saisons s\u2019engage \u00e0 respecter votre vie priv\u00e9e et \u00e0 prot\u00e9ger les informations que vous lui communiquez. Les donn\u00e9es personnelles collect\u00e9es sont uniquement destin\u00e9es \u00e0 l\u2019usage de 85saisons. Elles ne pourront faire l\u2019objet de cession \u00e0 des tiers sans votre autorisation pr\u00e9alable.<\/p><p>Conform\u00e9ment \u00e0 la loi Informatique et Libert\u00e9s du 6 Janvier 1978, vous disposez d\u2019un droit d\u2019acc\u00e8s, de rectification, de modification et de suppression des donn\u00e9es personnelles que vous nous avez communiqu\u00e9es. Vous pouvez exercer ce droit en envoyant un courrier \u00e0 :<\/p><p>85saisons<\/p><p>Lille<\/p><p>ou en nous contactant par le <a href=\"https:\/\/www.85saisons.com\/index.php\/contact\/\">formulaire de contact<\/a><\/p>\t\t\t\t\t\t\t\t<\/div>\n\t\t\t\t<\/div>\n\t\t\t\t<\/div>\n\t\t<div class=\"elementor-element elementor-element-3c0eaa36 e-flex e-con-boxed e-con e-parent\" data-id=\"3c0eaa36\" data-element_type=\"container\" data-e-type=\"container\" id=\"xs_footer_13\">\n\t\t\t\t\t<div class=\"e-con-inner\">\n\t\t<div class=\"elementor-element elementor-element-791f31b5 e-con-full e-flex e-con e-child\" data-id=\"791f31b5\" data-element_type=\"container\" data-e-type=\"container\">\n\t\t\t\t<div class=\"elementor-element elementor-element-c0134e1 elementor-widget elementor-widget-heading\" data-id=\"c0134e1\" data-element_type=\"widget\" data-e-type=\"widget\" data-widget_type=\"heading.default\">\n\t\t\t\t\t<h2 class=\"elementor-heading-title elementor-size-default\">Newsletter<\/h2>\t\t\t\t<\/div>\n\t\t\t\t<div class=\"elementor-element elementor-element-63f8685e elementor-widget elementor-widget-text-editor\" data-id=\"63f8685e\" data-element_type=\"widget\" data-e-type=\"widget\" data-widget_type=\"text-editor.default\">\n\t\t\t\t\t\t\t\t\t<p>Inscrivez-vous \u00e0 la newsletter du studio pour recevoir nos r\u00e9flexions sur le design, les syst\u00e8mes de marque et la direction cr\u00e9ative envoy\u00e9e occasionnellement, quand nous avons quelque chose de pertinent \u00e0 partager.<\/p>\t\t\t\t\t\t\t\t<\/div>\n\t\t\t\t<div class=\"elementor-element elementor-element-fb07a82 elementor-widget elementor-widget-elementskit-mail-chimp\" data-id=\"fb07a82\" data-element_type=\"widget\" data-e-type=\"widget\" data-widget_type=\"elementskit-mail-chimp.default\">\n\t\t\t\t<div class=\"elementor-widget-container\">\n\t\t\t\t\t<div class=\"ekit-wid-con\" >\t\t<div class=\"ekit-mail-chimp\">\n\t\t<form method=\"post\" class=\"ekit-mailChimpForm\" data-listed=\"\" data-success-message=\"Successfully listed this email\" data-success-opt-in-message=\"\" data-nonce=\"5d9cfaa125\">\n\t\t\t<div class=\"ekit-mail-message\"><\/div>\n\t\t\t<input type=\"hidden\" name=\"double_opt_in\" value=\"no\">\n\n\t\t\t\t<div class=\"elementskit_form_wraper elementskit_inline_form\">\n\t\t\t\t\t\t\t\t\t\t\t\t\t<div class=\"ekit-mail-chimp-email elementskit_input_wraper elementskit_input_container\">\n\t\t\t\t\t\t<div class=\"elementskit_form_group\">\n\t\t\t\t\t\t\t\t\t\t\t\t\t\t<div class=\"elementskit_input_element_container \">\n\t\t\t\t\t\t\t\t\t\t\t\t\t\t\t\t<input type=\"email\" aria-label=\"email\" name=\"email\" class=\"ekit_mail_email ekit_form_control \" placeholder=\"Your mail here\" required \/>\n\n\t\t\t\t\t\t\t\t\t\t\t\t\t\t\t<\/div>\n\t\t\t\t\t\t<\/div>\n\t\t\t\t\t<\/div>\n\t\t\t\t\t<div class=\"ekit_submit_input_holder elementskit_input_wraper\">\n\t\t\t\t\t\t<button type=\"submit\" aria-label=\"submit\" class=\"ekit-mail-submit\" name=\"ekit_mail_chimp\">\n\t\t\t\t\t\t\t\t<i aria-hidden=\"true\" class=\"icon icon-message-1\"><\/i>\n\t\t\t\t\t\t\t<\/button>\n\t\t\t\t\t<\/div>\n\t\t\t\t<\/div>\n\t\t\t<\/form>\n\t\t<\/div>\n\t\t<\/div>\t\t\t\t<\/div>\n\t\t\t\t<\/div>\n\t\t\t\t<\/div>\n\t\t<div class=\"elementor-element elementor-element-10306935 e-con-full e-flex e-con e-child\" data-id=\"10306935\" data-element_type=\"container\" data-e-type=\"container\">\n\t\t\t\t<div class=\"elementor-element elementor-element-34804fee elementor-widget elementor-widget-heading\" data-id=\"34804fee\" data-element_type=\"widget\" data-e-type=\"widget\" data-widget_type=\"heading.default\">\n\t\t\t\t\t<h2 class=\"elementor-heading-title elementor-size-default\">Infos utiles<\/h2>\t\t\t\t<\/div>\n\t\t\t\t<div class=\"elementor-element elementor-element-48640687 elementor-widget elementor-widget-text-editor\" data-id=\"48640687\" data-element_type=\"widget\" data-e-type=\"widget\" data-widget_type=\"text-editor.default\">\n\t\t\t\t\t\t\t\t\t<p><a href=\"https:\/\/www.linkedin.com\/in\/bettymichel\/\">LinkedIn<\/a><\/p><p><a href=\"https:\/\/pin.it\/45FQK7mZJ\">Pinterest<\/a><\/p><p><a href=\"https:\/\/www.85saisons.com\/index.php\/contact\/\">Contact<\/a><\/p>\t\t\t\t\t\t\t\t<\/div>\n\t\t\t\t<\/div>\n\t\t<div class=\"elementor-element elementor-element-116f352c e-con-full e-flex e-con e-child\" data-id=\"116f352c\" data-element_type=\"container\" data-e-type=\"container\">\n\t\t\t\t<div class=\"elementor-element elementor-element-3939f291 elementor-widget elementor-widget-heading\" data-id=\"3939f291\" data-element_type=\"widget\" data-e-type=\"widget\" data-widget_type=\"heading.default\">\n\t\t\t\t\t<h2 class=\"elementor-heading-title elementor-size-default\">Infos l\u00e9gales<\/h2>\t\t\t\t<\/div>\n\t\t\t\t<div class=\"elementor-element elementor-element-d0cd863 elementor-widget elementor-widget-text-editor\" data-id=\"d0cd863\" data-element_type=\"widget\" data-e-type=\"widget\" data-widget_type=\"text-editor.default\">\n\t\t\t\t\t\t\t\t\t<p><a href=\"https:\/\/www.85saisons.com\/index.php\/mentions-legales\/\">Mentions l\u00e9gales<\/a><\/p><p><a href=\"https:\/\/www.85saisons.com\/index.php\/politique-de-confidentialite\/\">Politique de confidentialit\u00e9<\/a><\/p><p>404<\/p>\t\t\t\t\t\t\t\t<\/div>\n\t\t\t\t<\/div>\n\t\t\t\t\t<\/div>\n\t\t\t\t<\/div>\n\t\t\t\t<\/div>\n\t\t","protected":false},"excerpt":{"rendered":"<p>Mentions l\u00e9gales Propri\u00e9t\u00e9 Le site diffus\u00e9 sur l\u2019adresse Internet www.85saisons.com\u00a0est la propri\u00e9t\u00e9 de : 85saisons Betty Michel Micro-entreprise SIRET : 953 464 534 000 15 Code NAF : 7021Z Directrice de publication Ce site est publi\u00e9 sous la direction de Betty MICHEL\u00a0(Utiliser le formulaire de contact) H\u00e9bergement Ce site est h\u00e9berg\u00e9 par la soci\u00e9t\u00e9 OVH. [&hellip;]<\/p>\n","protected":false},"author":1,"featured_media":0,"parent":0,"menu_order":0,"comment_status":"closed","ping_status":"closed","template":"","meta":{"footnotes":""},"class_list":["post-1683","page","type-page","status-publish","hentry","entry"],"yoast_head":"<!-- This site is optimized with the Yoast SEO plugin v27.1.1 - https:\/\/yoast.com\/product\/yoast-seo-wordpress\/ -->\n<title>Mentions l\u00e9gales - 85saisons<\/title>\n<meta name=\"robots\" content=\"index, follow, max-snippet:-1, max-image-preview:large, max-video-preview:-1\" \/>\n<link rel=\"canonical\" href=\"https:\/\/www.85saisons.com\/index.php\/mentions-legales\/\" \/>\n<meta property=\"og:locale\" content=\"fr_FR\" \/>\n<meta property=\"og:type\" content=\"article\" \/>\n<meta property=\"og:title\" content=\"Mentions l\u00e9gales - 85saisons\" \/>\n<meta property=\"og:description\" content=\"Mentions l\u00e9gales Propri\u00e9t\u00e9 Le site diffus\u00e9 sur l\u2019adresse Internet www.85saisons.com\u00a0est la propri\u00e9t\u00e9 de : 85saisons Betty Michel Micro-entreprise SIRET : 953 464 534 000 15 Code NAF : 7021Z Directrice de publication Ce site est publi\u00e9 sous la direction de Betty MICHEL\u00a0(Utiliser le formulaire de contact) H\u00e9bergement Ce site est h\u00e9berg\u00e9 par la soci\u00e9t\u00e9 OVH. [&hellip;]\" \/>\n<meta property=\"og:url\" content=\"https:\/\/www.85saisons.com\/index.php\/mentions-legales\/\" \/>\n<meta property=\"og:site_name\" content=\"85saisons\" \/>\n<meta property=\"article:modified_time\" content=\"2026-05-03T23:16:35+00:00\" \/>\n<meta name=\"twitter:card\" content=\"summary_large_image\" \/>\n<meta name=\"twitter:label1\" content=\"Dur\u00e9e de lecture estim\u00e9e\" \/>\n\t<meta name=\"twitter:data1\" content=\"2 minutes\" \/>\n<script type=\"application\/ld+json\" class=\"yoast-schema-graph\">{\"@context\":\"https:\/\/schema.org\",\"@graph\":[{\"@type\":\"WebPage\",\"@id\":\"https:\/\/www.85saisons.com\/index.php\/mentions-legales\/\",\"url\":\"https:\/\/www.85saisons.com\/index.php\/mentions-legales\/\",\"name\":\"Mentions l\u00e9gales - 85saisons\",\"isPartOf\":{\"@id\":\"https:\/\/www.85saisons.com\/#website\"},\"datePublished\":\"2026-05-03T22:25:58+00:00\",\"dateModified\":\"2026-05-03T23:16:35+00:00\",\"breadcrumb\":{\"@id\":\"https:\/\/www.85saisons.com\/index.php\/mentions-legales\/#breadcrumb\"},\"inLanguage\":\"fr-FR\",\"potentialAction\":[{\"@type\":\"ReadAction\",\"target\":[\"https:\/\/www.85saisons.com\/index.php\/mentions-legales\/\"]}]},{\"@type\":\"BreadcrumbList\",\"@id\":\"https:\/\/www.85saisons.com\/index.php\/mentions-legales\/#breadcrumb\",\"itemListElement\":[{\"@type\":\"ListItem\",\"position\":1,\"name\":\"Accueil\",\"item\":\"https:\/\/www.85saisons.com\/\"},{\"@type\":\"ListItem\",\"position\":2,\"name\":\"Mentions l\u00e9gales\"}]},{\"@type\":\"WebSite\",\"@id\":\"https:\/\/www.85saisons.com\/#website\",\"url\":\"https:\/\/www.85saisons.com\/\",\"name\":\"85saisons\",\"description\":\"Saison 9\",\"potentialAction\":[{\"@type\":\"SearchAction\",\"target\":{\"@type\":\"EntryPoint\",\"urlTemplate\":\"https:\/\/www.85saisons.com\/?s={search_term_string}\"},\"query-input\":{\"@type\":\"PropertyValueSpecification\",\"valueRequired\":true,\"valueName\":\"search_term_string\"}}],\"inLanguage\":\"fr-FR\"}]}<\/script>\n<!-- \/ Yoast SEO plugin. -->","yoast_head_json":{"title":"Mentions l\u00e9gales - 85saisons","robots":{"index":"index","follow":"follow","max-snippet":"max-snippet:-1","max-image-preview":"max-image-preview:large","max-video-preview":"max-video-preview:-1"},"canonical":"https:\/\/www.85saisons.com\/index.php\/mentions-legales\/","og_locale":"fr_FR","og_type":"article","og_title":"Mentions l\u00e9gales - 85saisons","og_description":"Mentions l\u00e9gales Propri\u00e9t\u00e9 Le site diffus\u00e9 sur l\u2019adresse Internet www.85saisons.com\u00a0est la propri\u00e9t\u00e9 de : 85saisons Betty Michel Micro-entreprise SIRET : 953 464 534 000 15 Code NAF : 7021Z Directrice de publication Ce site est publi\u00e9 sous la direction de Betty MICHEL\u00a0(Utiliser le formulaire de contact) H\u00e9bergement Ce site est h\u00e9berg\u00e9 par la soci\u00e9t\u00e9 OVH. [&hellip;]","og_url":"https:\/\/www.85saisons.com\/index.php\/mentions-legales\/","og_site_name":"85saisons","article_modified_time":"2026-05-03T23:16:35+00:00","twitter_card":"summary_large_image","twitter_misc":{"Dur\u00e9e de lecture estim\u00e9e":"2 minutes"},"schema":{"@context":"https:\/\/schema.org","@graph":[{"@type":"WebPage","@id":"https:\/\/www.85saisons.com\/index.php\/mentions-legales\/","url":"https:\/\/www.85saisons.com\/index.php\/mentions-legales\/","name":"Mentions l\u00e9gales - 85saisons","isPartOf":{"@id":"https:\/\/www.85saisons.com\/#website"},"datePublished":"2026-05-03T22:25:58+00:00","dateModified":"2026-05-03T23:16:35+00:00","breadcrumb":{"@id":"https:\/\/www.85saisons.com\/index.php\/mentions-legales\/#breadcrumb"},"inLanguage":"fr-FR","potentialAction":[{"@type":"ReadAction","target":["https:\/\/www.85saisons.com\/index.php\/mentions-legales\/"]}]},{"@type":"BreadcrumbList","@id":"https:\/\/www.85saisons.com\/index.php\/mentions-legales\/#breadcrumb","itemListElement":[{"@type":"ListItem","position":1,"name":"Accueil","item":"https:\/\/www.85saisons.com\/"},{"@type":"ListItem","position":2,"name":"Mentions l\u00e9gales"}]},{"@type":"WebSite","@id":"https:\/\/www.85saisons.com\/#website","url":"https:\/\/www.85saisons.com\/","name":"85saisons","description":"Saison 9","potentialAction":[{"@type":"SearchAction","target":{"@type":"EntryPoint","urlTemplate":"https:\/\/www.85saisons.com\/?s={search_term_string}"},"query-input":{"@type":"PropertyValueSpecification","valueRequired":true,"valueName":"search_term_string"}}],"inLanguage":"fr-FR"}]}},"_links":{"self":[{"href":"https:\/\/www.85saisons.com\/index.php\/wp-json\/wp\/v2\/pages\/1683","targetHints":{"allow":["GET"]}}],"collection":[{"href":"https:\/\/www.85saisons.com\/index.php\/wp-json\/wp\/v2\/pages"}],"about":[{"href":"https:\/\/www.85saisons.com\/index.php\/wp-json\/wp\/v2\/types\/page"}],"author":[{"embeddable":true,"href":"https:\/\/www.85saisons.com\/index.php\/wp-json\/wp\/v2\/users\/1"}],"replies":[{"embeddable":true,"href":"https:\/\/www.85saisons.com\/index.php\/wp-json\/wp\/v2\/comments?post=1683"}],"version-history":[{"count":15,"href":"https:\/\/www.85saisons.com\/index.php\/wp-json\/wp\/v2\/pages\/1683\/revisions"}],"predecessor-version":[{"id":1723,"href":"https:\/\/www.85saisons.com\/index.php\/wp-json\/wp\/v2\/pages\/1683\/revisions\/1723"}],"wp:attachment":[{"href":"https:\/\/www.85saisons.com\/index.php\/wp-json\/wp\/v2\/media?parent=1683"}],"curies":[{"name":"wp","href":"https:\/\/api.w.org\/{rel}","templated":true}]}}